{"id":13038,"date":"2019-10-26T16:37:36","date_gmt":"2019-10-26T14:37:36","guid":{"rendered":"https:\/\/www.torremaggiore.com\/notizie\/?page_id=13038"},"modified":"2020-02-24T15:58:14","modified_gmt":"2020-02-24T13:58:14","slug":"mirinello-di-torremaggiore","status":"publish","type":"page","link":"https:\/\/www.torremaggiore.com\/notizie\/mirinello-di-torremaggiore\/","title":{"rendered":"Mirinello di Torremaggiore"},"content":{"rendered":"\n<p>Il <strong>Mirinello di Torremaggiore<\/strong> \u00e8 un liquore tipico prodotto sin dal secolo scorso nel comune di Torremaggiore (FG).  Si ottiene dall&#8217;estrazione delle essenze delle ciliegie selvatiche in alcol etilico. Dal 2016 \u00e8 stato riconosciuto come PAT ovvero <a rel=\"noreferrer noopener\" aria-label=\"Prodotto Agroalimentare Tipico Pugliese (si apre in una nuova scheda)\" href=\"https:\/\/it.wikipedia.org\/wiki\/Prodotti_agroalimentari_tradizionali_pugliesi\" target=\"_blank\">Prodotto Agroalimentare Tipico Pugliese<\/a> e si caratterizza per l&#8217;elevato contenuto in alcol (35\u00b0\/40\u00b0) che influisce sul prezzo finale del liquore.<br> La pianta di <strong>Mirinello<\/strong> \u00e8 un Ciliegio Selvatico di limitato volume coltivato nel territorio dell&#8217;Alto Tavoliere dove ben si adatta al clima mediterraneo grazie alla sua rusticit\u00e0 e resistenza alla siccit\u00e0. I frutti sono estremamente piccoli per cui si raccolgono rigorosamente a mano con evidente difficolt\u00e0.  Il liquore di Mirinello, \u00e8 ottenuto con un procedimento artigianale che prevede l&#8217;infusione in alcol del frutto. <\/p>\n\n\n\n<div class=\"wp-block-image\"><figure class=\"aligncenter\"><img loading=\"lazy\" decoding=\"async\" width=\"700\" height=\"394\" src=\"https:\/\/www.torremaggiore.com\/notizie\/wp-content\/uploads\/2020\/02\/mirinello-torremaggiore.jpg\" alt=\"Mirinello di Torremaggiore\" class=\"wp-image-13960\" srcset=\"https:\/\/www.torremaggiore.com\/notizie\/wp-content\/uploads\/2020\/02\/mirinello-torremaggiore.jpg 700w, https:\/\/www.torremaggiore.com\/notizie\/wp-content\/uploads\/2020\/02\/mirinello-torremaggiore-500x280.jpg 500w\" sizes=\"auto, (max-width: 700px) 100vw, 700px\" \/><\/figure><\/div>\n\n\n\n<h2 class=\"wp-block-heading\">Liquore di Mirinello <\/h2>\n\n\n\n<p>Il <strong>Liquore di Mirinello di Torremaggiore<\/strong> \u00e8 un ottimo digestivo da bere alla fine dei pasti. E&#8217; preparato a livello locale dalle famiglie con ricette che si tramandano ed \u00e8 chiamato anche Amarenello o Merinello. Nel corso degli anni sono nate varianti e derivati dalla lavorazione della drupe ovvero il Vermouth di Mirinello  (con macerazione delle drupe esauste in vino rosso) max 20% alcol, lo Sciroppo di Mirinello e la Gelatina di Mirinello.<\/p>\n\n\n\n<h2 class=\"wp-block-heading\">Dove acquistare il Mirinello di Torremaggiore<\/h2>\n\n\n\n<p>Il <strong>Mirinello di Torremaggiore<\/strong> \u00e8 prodotto da a pi\u00f9 aziende agricole locali.  E&#8217; possibile acquistarlo sia online che presso negozi fisici della zona, tra questi segnaliamo:<br><br>&#8211; Antichi Sapor Federiciani con punto vendita in Via De Nicola, 8 a Torremaggiore<br>&#8211; <a rel=\"noreferrer noopener\" href=\"https:\/\/shop.alemaitalianfood.it\/birra-e-liquori\/227-merinello.html\" target=\"_blank\">Alema Italian Food &#8211; Vendita online prodotti tipici e vendita online Mirinello di Torremaggiore<\/a> <br>&#8211; MIRINELLO LIQUORI S.R.L., Via G. Garibaldi, Torremaggiore<br>&#8211; Carlucci Food  Via Villaglori, 83, 71017 Torremaggiore FG<br><\/p>\n","protected":false},"excerpt":{"rendered":"<p>Il Mirinello di Torremaggiore \u00e8 un liquore tipico prodotto sin dal secolo scorso nel comune<\/p>\n","protected":false},"author":3,"featured_media":0,"parent":0,"menu_order":0,"comment_status":"closed","ping_status":"closed","template":"","meta":{"footnotes":""},"class_list":["post-13038","page","type-page","status-publish","hentry"],"yoast_head":"<!-- This site is optimized with the Yoast SEO plugin v27.4 - https:\/\/yoast.com\/product\/yoast-seo-wordpress\/ -->\n<title>Mirinello di Torremaggiore - Torremaggiore On Line<\/title>\n<meta name=\"description\" content=\"l Mirinello di Torremaggiore \u00e8 un liquore tipico prodotto sin dal secolo scorso nel comune di Torremaggiore (FG), ottimo come digestivo\" \/>\n<meta name=\"robots\" content=\"index, follow, max-snippet:-1, max-image-preview:large, max-video-preview:-1\" \/>\n<link rel=\"canonical\" href=\"https:\/\/www.torremaggiore.com\/notizie\/mirinello-di-torremaggiore\/\" \/>\n<meta property=\"og:locale\" content=\"it_IT\" \/>\n<meta property=\"og:type\" content=\"article\" \/>\n<meta property=\"og:title\" content=\"Mirinello di Torremaggiore - Torremaggiore On Line\" \/>\n<meta property=\"og:description\" content=\"l Mirinello di Torremaggiore \u00e8 un liquore tipico prodotto sin dal secolo scorso nel comune di Torremaggiore (FG), ottimo come digestivo\" \/>\n<meta property=\"og:url\" content=\"https:\/\/www.torremaggiore.com\/notizie\/mirinello-di-torremaggiore\/\" \/>\n<meta property=\"og:site_name\" content=\"Torremaggiore On Line\" \/>\n<meta property=\"article:modified_time\" content=\"2020-02-24T13:58:14+00:00\" \/>\n<meta property=\"og:image\" content=\"https:\/\/www.torremaggiore.com\/notizie\/wp-content\/uploads\/2020\/02\/mirinello-torremaggiore.jpg\" \/>\n<meta name=\"twitter:card\" content=\"summary_large_image\" \/>\n<meta name=\"twitter:label1\" content=\"Tempo di lettura stimato\" \/>\n\t<meta name=\"twitter:data1\" content=\"1 minuto\" \/>\n<script type=\"application\/ld+json\" class=\"yoast-schema-graph\">{\"@context\":\"https:\\\/\\\/schema.org\",\"@graph\":[{\"@type\":\"WebPage\",\"@id\":\"https:\\\/\\\/www.torremaggiore.com\\\/notizie\\\/mirinello-di-torremaggiore\\\/\",\"url\":\"https:\\\/\\\/www.torremaggiore.com\\\/notizie\\\/mirinello-di-torremaggiore\\\/\",\"name\":\"Mirinello di Torremaggiore - Torremaggiore On Line\",\"isPartOf\":{\"@id\":\"https:\\\/\\\/www.torremaggiore.com\\\/notizie\\\/#website\"},\"primaryImageOfPage\":{\"@id\":\"https:\\\/\\\/www.torremaggiore.com\\\/notizie\\\/mirinello-di-torremaggiore\\\/#primaryimage\"},\"image\":{\"@id\":\"https:\\\/\\\/www.torremaggiore.com\\\/notizie\\\/mirinello-di-torremaggiore\\\/#primaryimage\"},\"thumbnailUrl\":\"https:\\\/\\\/www.torremaggiore.com\\\/notizie\\\/wp-content\\\/uploads\\\/2020\\\/02\\\/mirinello-torremaggiore.jpg\",\"datePublished\":\"2019-10-26T14:37:36+00:00\",\"dateModified\":\"2020-02-24T13:58:14+00:00\",\"description\":\"l Mirinello di Torremaggiore \u00e8 un liquore tipico prodotto sin dal secolo scorso nel comune di Torremaggiore (FG), ottimo come digestivo\",\"breadcrumb\":{\"@id\":\"https:\\\/\\\/www.torremaggiore.com\\\/notizie\\\/mirinello-di-torremaggiore\\\/#breadcrumb\"},\"inLanguage\":\"it-IT\",\"potentialAction\":[{\"@type\":\"ReadAction\",\"target\":[\"https:\\\/\\\/www.torremaggiore.com\\\/notizie\\\/mirinello-di-torremaggiore\\\/\"]}]},{\"@type\":\"ImageObject\",\"inLanguage\":\"it-IT\",\"@id\":\"https:\\\/\\\/www.torremaggiore.com\\\/notizie\\\/mirinello-di-torremaggiore\\\/#primaryimage\",\"url\":\"https:\\\/\\\/www.torremaggiore.com\\\/notizie\\\/wp-content\\\/uploads\\\/2020\\\/02\\\/mirinello-torremaggiore.jpg\",\"contentUrl\":\"https:\\\/\\\/www.torremaggiore.com\\\/notizie\\\/wp-content\\\/uploads\\\/2020\\\/02\\\/mirinello-torremaggiore.jpg\",\"width\":700,\"height\":394},{\"@type\":\"BreadcrumbList\",\"@id\":\"https:\\\/\\\/www.torremaggiore.com\\\/notizie\\\/mirinello-di-torremaggiore\\\/#breadcrumb\",\"itemListElement\":[{\"@type\":\"ListItem\",\"position\":1,\"name\":\"Home\",\"item\":\"https:\\\/\\\/www.torremaggiore.com\\\/notizie\\\/\"},{\"@type\":\"ListItem\",\"position\":2,\"name\":\"Mirinello di Torremaggiore\"}]},{\"@type\":\"WebSite\",\"@id\":\"https:\\\/\\\/www.torremaggiore.com\\\/notizie\\\/#website\",\"url\":\"https:\\\/\\\/www.torremaggiore.com\\\/notizie\\\/\",\"name\":\"Torremaggiore On Line\",\"description\":\"La Web Community di Torremaggiore\",\"publisher\":{\"@id\":\"https:\\\/\\\/www.torremaggiore.com\\\/notizie\\\/#organization\"},\"potentialAction\":[{\"@type\":\"SearchAction\",\"target\":{\"@type\":\"EntryPoint\",\"urlTemplate\":\"https:\\\/\\\/www.torremaggiore.com\\\/notizie\\\/?s={search_term_string}\"},\"query-input\":{\"@type\":\"PropertyValueSpecification\",\"valueRequired\":true,\"valueName\":\"search_term_string\"}}],\"inLanguage\":\"it-IT\"},{\"@type\":\"Organization\",\"@id\":\"https:\\\/\\\/www.torremaggiore.com\\\/notizie\\\/#organization\",\"name\":\"Torremaggiore On Line\",\"url\":\"https:\\\/\\\/www.torremaggiore.com\\\/notizie\\\/\",\"logo\":{\"@type\":\"ImageObject\",\"inLanguage\":\"it-IT\",\"@id\":\"https:\\\/\\\/www.torremaggiore.com\\\/notizie\\\/#\\\/schema\\\/logo\\\/image\\\/\",\"url\":\"https:\\\/\\\/www.torremaggiore.com\\\/notizie\\\/wp-content\\\/uploads\\\/2020\\\/03\\\/logo-tmol20.gif\",\"contentUrl\":\"https:\\\/\\\/www.torremaggiore.com\\\/notizie\\\/wp-content\\\/uploads\\\/2020\\\/03\\\/logo-tmol20.gif\",\"width\":260,\"height\":95,\"caption\":\"Torremaggiore On Line\"},\"image\":{\"@id\":\"https:\\\/\\\/www.torremaggiore.com\\\/notizie\\\/#\\\/schema\\\/logo\\\/image\\\/\"}}]}<\/script>\n<!-- \/ Yoast SEO plugin. -->","yoast_head_json":{"title":"Mirinello di Torremaggiore - Torremaggiore On Line","description":"l Mirinello di Torremaggiore \u00e8 un liquore tipico prodotto sin dal secolo scorso nel comune di Torremaggiore (FG), ottimo come digestivo","robots":{"index":"index","follow":"follow","max-snippet":"max-snippet:-1","max-image-preview":"max-image-preview:large","max-video-preview":"max-video-preview:-1"},"canonical":"https:\/\/www.torremaggiore.com\/notizie\/mirinello-di-torremaggiore\/","og_locale":"it_IT","og_type":"article","og_title":"Mirinello di Torremaggiore - Torremaggiore On Line","og_description":"l Mirinello di Torremaggiore \u00e8 un liquore tipico prodotto sin dal secolo scorso nel comune di Torremaggiore (FG), ottimo come digestivo","og_url":"https:\/\/www.torremaggiore.com\/notizie\/mirinello-di-torremaggiore\/","og_site_name":"Torremaggiore On Line","article_modified_time":"2020-02-24T13:58:14+00:00","og_image":[{"url":"https:\/\/www.torremaggiore.com\/notizie\/wp-content\/uploads\/2020\/02\/mirinello-torremaggiore.jpg","type":"","width":"","height":""}],"twitter_card":"summary_large_image","twitter_misc":{"Tempo di lettura stimato":"1 minuto"},"schema":{"@context":"https:\/\/schema.org","@graph":[{"@type":"WebPage","@id":"https:\/\/www.torremaggiore.com\/notizie\/mirinello-di-torremaggiore\/","url":"https:\/\/www.torremaggiore.com\/notizie\/mirinello-di-torremaggiore\/","name":"Mirinello di Torremaggiore - Torremaggiore On Line","isPartOf":{"@id":"https:\/\/www.torremaggiore.com\/notizie\/#website"},"primaryImageOfPage":{"@id":"https:\/\/www.torremaggiore.com\/notizie\/mirinello-di-torremaggiore\/#primaryimage"},"image":{"@id":"https:\/\/www.torremaggiore.com\/notizie\/mirinello-di-torremaggiore\/#primaryimage"},"thumbnailUrl":"https:\/\/www.torremaggiore.com\/notizie\/wp-content\/uploads\/2020\/02\/mirinello-torremaggiore.jpg","datePublished":"2019-10-26T14:37:36+00:00","dateModified":"2020-02-24T13:58:14+00:00","description":"l Mirinello di Torremaggiore \u00e8 un liquore tipico prodotto sin dal secolo scorso nel comune di Torremaggiore (FG), ottimo come digestivo","breadcrumb":{"@id":"https:\/\/www.torremaggiore.com\/notizie\/mirinello-di-torremaggiore\/#breadcrumb"},"inLanguage":"it-IT","potentialAction":[{"@type":"ReadAction","target":["https:\/\/www.torremaggiore.com\/notizie\/mirinello-di-torremaggiore\/"]}]},{"@type":"ImageObject","inLanguage":"it-IT","@id":"https:\/\/www.torremaggiore.com\/notizie\/mirinello-di-torremaggiore\/#primaryimage","url":"https:\/\/www.torremaggiore.com\/notizie\/wp-content\/uploads\/2020\/02\/mirinello-torremaggiore.jpg","contentUrl":"https:\/\/www.torremaggiore.com\/notizie\/wp-content\/uploads\/2020\/02\/mirinello-torremaggiore.jpg","width":700,"height":394},{"@type":"BreadcrumbList","@id":"https:\/\/www.torremaggiore.com\/notizie\/mirinello-di-torremaggiore\/#breadcrumb","itemListElement":[{"@type":"ListItem","position":1,"name":"Home","item":"https:\/\/www.torremaggiore.com\/notizie\/"},{"@type":"ListItem","position":2,"name":"Mirinello di Torremaggiore"}]},{"@type":"WebSite","@id":"https:\/\/www.torremaggiore.com\/notizie\/#website","url":"https:\/\/www.torremaggiore.com\/notizie\/","name":"Torremaggiore On Line","description":"La Web Community di Torremaggiore","publisher":{"@id":"https:\/\/www.torremaggiore.com\/notizie\/#organization"},"potentialAction":[{"@type":"SearchAction","target":{"@type":"EntryPoint","urlTemplate":"https:\/\/www.torremaggiore.com\/notizie\/?s={search_term_string}"},"query-input":{"@type":"PropertyValueSpecification","valueRequired":true,"valueName":"search_term_string"}}],"inLanguage":"it-IT"},{"@type":"Organization","@id":"https:\/\/www.torremaggiore.com\/notizie\/#organization","name":"Torremaggiore On Line","url":"https:\/\/www.torremaggiore.com\/notizie\/","logo":{"@type":"ImageObject","inLanguage":"it-IT","@id":"https:\/\/www.torremaggiore.com\/notizie\/#\/schema\/logo\/image\/","url":"https:\/\/www.torremaggiore.com\/notizie\/wp-content\/uploads\/2020\/03\/logo-tmol20.gif","contentUrl":"https:\/\/www.torremaggiore.com\/notizie\/wp-content\/uploads\/2020\/03\/logo-tmol20.gif","width":260,"height":95,"caption":"Torremaggiore On Line"},"image":{"@id":"https:\/\/www.torremaggiore.com\/notizie\/#\/schema\/logo\/image\/"}}]}},"_links":{"self":[{"href":"https:\/\/www.torremaggiore.com\/notizie\/wp-json\/wp\/v2\/pages\/13038","targetHints":{"allow":["GET"]}}],"collection":[{"href":"https:\/\/www.torremaggiore.com\/notizie\/wp-json\/wp\/v2\/pages"}],"about":[{"href":"https:\/\/www.torremaggiore.com\/notizie\/wp-json\/wp\/v2\/types\/page"}],"author":[{"embeddable":true,"href":"https:\/\/www.torremaggiore.com\/notizie\/wp-json\/wp\/v2\/users\/3"}],"replies":[{"embeddable":true,"href":"https:\/\/www.torremaggiore.com\/notizie\/wp-json\/wp\/v2\/comments?post=13038"}],"version-history":[{"count":0,"href":"https:\/\/www.torremaggiore.com\/notizie\/wp-json\/wp\/v2\/pages\/13038\/revisions"}],"wp:attachment":[{"href":"https:\/\/www.torremaggiore.com\/notizie\/wp-json\/wp\/v2\/media?parent=13038"}],"curies":[{"name":"wp","href":"https:\/\/api.w.org\/{rel}","templated":true}]}}