{"id":1211,"date":"2012-04-10T19:00:29","date_gmt":"2012-04-10T19:00:29","guid":{"rendered":"http:\/\/www.torremaggiore.com\/notizie\/?page_id=1211"},"modified":"2025-09-15T08:44:05","modified_gmt":"2025-09-15T06:44:05","slug":"info-su-torremaggiore-com","status":"publish","type":"page","link":"https:\/\/www.torremaggiore.com\/notizie\/info-su-torremaggiore-com\/","title":{"rendered":"Info su Torremaggiore On Line"},"content":{"rendered":"<p>\u00a9 1999 \u2013 2025 TorremaggioreOnLine plurisettimanale telematico Reg. Trib. Foggia 2523\/2024\u00a0 Direttore Responsabile Michele Antonucci<\/p>\n<p><a href=\"http:\/\/www.torremaggiore.com\" target=\"_blank\" rel=\"noopener noreferrer\"> www.torremaggiore.com<\/a> \u00e8 la Prima Web Community dedicata alla Citt\u00e0 di Torremaggiore on line dal 1999. Fondatore Ermete Antonucci. Torremaggiore On Line \u00e8 una testata giornalistica. E&#8217; un plurisettimanale telematico con Registrazione presso il Tribunale di Foggia 2523\/2024.<\/p>\n<p><strong>Torremaggiore On Line non riceve e non ha MAI ricevuto finanziamenti pubblici<\/strong><\/p>\n<p>Il sito \u00e8 gestito dall&#8217;<a href=\"http:\/\/www.alfateam.dauniacom.it\/\" target=\"_blank\" rel=\"noopener noreferrer\">Associazione Culturale Telematica Alfa Team<\/a> di Torremaggiore, per maggiori informazioni,<a href=\"mailto:contatti@torremaggiore.com\"> contattaci.<\/a><\/p>\n<p>Concessionaria di Pubblicit\u00e0 Michele Antonucci Ditta Individuale con partita iva 64560830715, per maggiori informazioni, <a href=\"mailto:consulting@micheleantonucci.it\">contattateci.<\/a><\/p>\n<p>Sul sito vengono anche pubblicati comunicati stampa oppure linkati articoli a testate giornalistiche e sono presenti una serie di servizi gratuiti (raccolta di siti su Torremaggiore, pagine di storia e link ad aziende locali). La pubblicazione \u00e8 gratuita, per inviare comunicati o altro materiale \u00e8 possibile farlo tramite la sezione contati del portale o tramite email all&#8217;indirizzo: contattiATtorremaggiore.com (sostituire AT con @, semplice rimedio anti-spam).<\/p>\n<p><strong>Policy Commenti<\/strong><\/p>\n<div>Torremaggiore.com\u00a0 offre spazio dedicato per commentare gli articoli tramite il proprio account Facebook. Il servizio \u00e8 aperto a tutti ed \u00e8 disciplinato da alcune comuni regole di convivenza civile:<\/div>\n<div><\/div>\n<ul>\n<li>il commento deve essere sempre attinente all&#8217;argomento di cui si sta parlando<\/li>\n<li>mai scrivere commenti ingiuriosi e offensivi rispetto a chicchessia<\/li>\n<li>moderare il linguaggio, evitare frasi e terminologie volgari, razziste o sessiste<\/li>\n<li>evitare come da netiquette di puntualizzare eventuali errori di sintassi o battitura in un post e evitare di usare il maiuscolo: su internet significa GRIDARE<\/li>\n<li>non inserire contenuti che siano diffamanti o violino le leggi italiane<\/li>\n<li>non inserire pubblicit\u00e0, link pubblicitari o riferimenti ad altri siti<\/li>\n<\/ul>\n<div><\/div>\n<div>Per garantire la tracciabilit\u00e0 in caso di procedimento legale ad ogni commento viene associato il numero IP dell&#8217;utente che lo ha pubblicato e il tutto avviene <strong>ESCLUSIVAMENTE<\/strong> sulla piattaforma FACEBOOK. Quindi in caso di denuncia all&#8217;Autorit\u00e0 Competente lo Staff del sito non deve essere coinvolto in quanto non in possesso di alcun dato.<\/div>\n<div>Lo Staff di Torremaggiore on-line si impegna a seguire per quanto pi\u00f9 possibile ci\u00f2 che viene pubblicato nei commenti e provveder\u00e0 alla cancellazione di qualsiasi post venga giudicato contrario alla Policy. Qualora un utente riscontrasse commenti non conformi alla Policy pu\u00f2 segnalarlo tramite <a href=\"http:\/\/www.torremaggiore.com\/notizie\/contatti\/\">email o modulo contatti<\/a><\/div>\n","protected":false},"excerpt":{"rendered":"<p>\u00a9 1999 \u2013 2025 TorremaggioreOnLine plurisettimanale telematico Reg. Trib. Foggia 2523\/2024\u00a0 Direttore Responsabile Michele Antonucci<\/p>\n","protected":false},"author":1,"featured_media":3103,"parent":0,"menu_order":0,"comment_status":"closed","ping_status":"open","template":"","meta":{"footnotes":""},"class_list":["post-1211","page","type-page","status-publish","has-post-thumbnail","hentry"],"yoast_head":"<!-- This site is optimized with the Yoast SEO plugin v27.4 - https:\/\/yoast.com\/product\/yoast-seo-wordpress\/ -->\n<title>Info su Torremaggiore On Line - Torremaggiore On Line<\/title>\n<meta name=\"description\" content=\"Torremaggiore on-line \u00e8 la web community della Citt\u00e0 di Torremaggiore, online dal 1999 all&#039;indirizzo www.torremaggiore.com\" \/>\n<meta name=\"robots\" content=\"index, follow, max-snippet:-1, max-image-preview:large, max-video-preview:-1\" \/>\n<link rel=\"canonical\" href=\"https:\/\/www.torremaggiore.com\/notizie\/info-su-torremaggiore-com\/\" \/>\n<meta property=\"og:locale\" content=\"it_IT\" \/>\n<meta property=\"og:type\" content=\"article\" \/>\n<meta property=\"og:title\" content=\"Info su Torremaggiore On Line - Torremaggiore On Line\" \/>\n<meta property=\"og:description\" content=\"Torremaggiore on-line \u00e8 la web community della Citt\u00e0 di Torremaggiore, online dal 1999 all&#039;indirizzo www.torremaggiore.com\" \/>\n<meta property=\"og:url\" content=\"https:\/\/www.torremaggiore.com\/notizie\/info-su-torremaggiore-com\/\" \/>\n<meta property=\"og:site_name\" content=\"Torremaggiore On Line\" \/>\n<meta property=\"article:modified_time\" content=\"2025-09-15T06:44:05+00:00\" \/>\n<meta property=\"og:image\" content=\"https:\/\/www.torremaggiore.com\/notizie\/wp-content\/uploads\/2013\/10\/mylogo.png\" \/>\n\t<meta property=\"og:image:width\" content=\"59\" \/>\n\t<meta property=\"og:image:height\" content=\"60\" \/>\n\t<meta property=\"og:image:type\" content=\"image\/png\" \/>\n<meta name=\"twitter:card\" content=\"summary_large_image\" \/>\n<meta name=\"twitter:label1\" content=\"Tempo di lettura stimato\" \/>\n\t<meta name=\"twitter:data1\" content=\"3 minuti\" \/>\n<script type=\"application\/ld+json\" class=\"yoast-schema-graph\">{\"@context\":\"https:\\\/\\\/schema.org\",\"@graph\":[{\"@type\":\"WebPage\",\"@id\":\"https:\\\/\\\/www.torremaggiore.com\\\/notizie\\\/info-su-torremaggiore-com\\\/\",\"url\":\"https:\\\/\\\/www.torremaggiore.com\\\/notizie\\\/info-su-torremaggiore-com\\\/\",\"name\":\"Info su Torremaggiore On Line - Torremaggiore On Line\",\"isPartOf\":{\"@id\":\"https:\\\/\\\/www.torremaggiore.com\\\/notizie\\\/#website\"},\"primaryImageOfPage\":{\"@id\":\"https:\\\/\\\/www.torremaggiore.com\\\/notizie\\\/info-su-torremaggiore-com\\\/#primaryimage\"},\"image\":{\"@id\":\"https:\\\/\\\/www.torremaggiore.com\\\/notizie\\\/info-su-torremaggiore-com\\\/#primaryimage\"},\"thumbnailUrl\":\"https:\\\/\\\/www.torremaggiore.com\\\/notizie\\\/wp-content\\\/uploads\\\/2013\\\/10\\\/mylogo.png\",\"datePublished\":\"2012-04-10T19:00:29+00:00\",\"dateModified\":\"2025-09-15T06:44:05+00:00\",\"description\":\"Torremaggiore on-line \u00e8 la web community della Citt\u00e0 di Torremaggiore, online dal 1999 all'indirizzo www.torremaggiore.com\",\"breadcrumb\":{\"@id\":\"https:\\\/\\\/www.torremaggiore.com\\\/notizie\\\/info-su-torremaggiore-com\\\/#breadcrumb\"},\"inLanguage\":\"it-IT\",\"potentialAction\":[{\"@type\":\"ReadAction\",\"target\":[\"https:\\\/\\\/www.torremaggiore.com\\\/notizie\\\/info-su-torremaggiore-com\\\/\"]}]},{\"@type\":\"ImageObject\",\"inLanguage\":\"it-IT\",\"@id\":\"https:\\\/\\\/www.torremaggiore.com\\\/notizie\\\/info-su-torremaggiore-com\\\/#primaryimage\",\"url\":\"https:\\\/\\\/www.torremaggiore.com\\\/notizie\\\/wp-content\\\/uploads\\\/2013\\\/10\\\/mylogo.png\",\"contentUrl\":\"https:\\\/\\\/www.torremaggiore.com\\\/notizie\\\/wp-content\\\/uploads\\\/2013\\\/10\\\/mylogo.png\",\"width\":59,\"height\":60},{\"@type\":\"BreadcrumbList\",\"@id\":\"https:\\\/\\\/www.torremaggiore.com\\\/notizie\\\/info-su-torremaggiore-com\\\/#breadcrumb\",\"itemListElement\":[{\"@type\":\"ListItem\",\"position\":1,\"name\":\"Home\",\"item\":\"https:\\\/\\\/www.torremaggiore.com\\\/notizie\\\/\"},{\"@type\":\"ListItem\",\"position\":2,\"name\":\"Info su Torremaggiore On Line\"}]},{\"@type\":\"WebSite\",\"@id\":\"https:\\\/\\\/www.torremaggiore.com\\\/notizie\\\/#website\",\"url\":\"https:\\\/\\\/www.torremaggiore.com\\\/notizie\\\/\",\"name\":\"Torremaggiore On Line\",\"description\":\"La Web Community di Torremaggiore\",\"publisher\":{\"@id\":\"https:\\\/\\\/www.torremaggiore.com\\\/notizie\\\/#organization\"},\"potentialAction\":[{\"@type\":\"SearchAction\",\"target\":{\"@type\":\"EntryPoint\",\"urlTemplate\":\"https:\\\/\\\/www.torremaggiore.com\\\/notizie\\\/?s={search_term_string}\"},\"query-input\":{\"@type\":\"PropertyValueSpecification\",\"valueRequired\":true,\"valueName\":\"search_term_string\"}}],\"inLanguage\":\"it-IT\"},{\"@type\":\"Organization\",\"@id\":\"https:\\\/\\\/www.torremaggiore.com\\\/notizie\\\/#organization\",\"name\":\"Torremaggiore On Line\",\"url\":\"https:\\\/\\\/www.torremaggiore.com\\\/notizie\\\/\",\"logo\":{\"@type\":\"ImageObject\",\"inLanguage\":\"it-IT\",\"@id\":\"https:\\\/\\\/www.torremaggiore.com\\\/notizie\\\/#\\\/schema\\\/logo\\\/image\\\/\",\"url\":\"https:\\\/\\\/www.torremaggiore.com\\\/notizie\\\/wp-content\\\/uploads\\\/2020\\\/03\\\/logo-tmol20.gif\",\"contentUrl\":\"https:\\\/\\\/www.torremaggiore.com\\\/notizie\\\/wp-content\\\/uploads\\\/2020\\\/03\\\/logo-tmol20.gif\",\"width\":260,\"height\":95,\"caption\":\"Torremaggiore On Line\"},\"image\":{\"@id\":\"https:\\\/\\\/www.torremaggiore.com\\\/notizie\\\/#\\\/schema\\\/logo\\\/image\\\/\"}}]}<\/script>\n<!-- \/ Yoast SEO plugin. -->","yoast_head_json":{"title":"Info su Torremaggiore On Line - Torremaggiore On Line","description":"Torremaggiore on-line \u00e8 la web community della Citt\u00e0 di Torremaggiore, online dal 1999 all'indirizzo www.torremaggiore.com","robots":{"index":"index","follow":"follow","max-snippet":"max-snippet:-1","max-image-preview":"max-image-preview:large","max-video-preview":"max-video-preview:-1"},"canonical":"https:\/\/www.torremaggiore.com\/notizie\/info-su-torremaggiore-com\/","og_locale":"it_IT","og_type":"article","og_title":"Info su Torremaggiore On Line - Torremaggiore On Line","og_description":"Torremaggiore on-line \u00e8 la web community della Citt\u00e0 di Torremaggiore, online dal 1999 all'indirizzo www.torremaggiore.com","og_url":"https:\/\/www.torremaggiore.com\/notizie\/info-su-torremaggiore-com\/","og_site_name":"Torremaggiore On Line","article_modified_time":"2025-09-15T06:44:05+00:00","og_image":[{"width":59,"height":60,"url":"https:\/\/www.torremaggiore.com\/notizie\/wp-content\/uploads\/2013\/10\/mylogo.png","type":"image\/png"}],"twitter_card":"summary_large_image","twitter_misc":{"Tempo di lettura stimato":"3 minuti"},"schema":{"@context":"https:\/\/schema.org","@graph":[{"@type":"WebPage","@id":"https:\/\/www.torremaggiore.com\/notizie\/info-su-torremaggiore-com\/","url":"https:\/\/www.torremaggiore.com\/notizie\/info-su-torremaggiore-com\/","name":"Info su Torremaggiore On Line - Torremaggiore On Line","isPartOf":{"@id":"https:\/\/www.torremaggiore.com\/notizie\/#website"},"primaryImageOfPage":{"@id":"https:\/\/www.torremaggiore.com\/notizie\/info-su-torremaggiore-com\/#primaryimage"},"image":{"@id":"https:\/\/www.torremaggiore.com\/notizie\/info-su-torremaggiore-com\/#primaryimage"},"thumbnailUrl":"https:\/\/www.torremaggiore.com\/notizie\/wp-content\/uploads\/2013\/10\/mylogo.png","datePublished":"2012-04-10T19:00:29+00:00","dateModified":"2025-09-15T06:44:05+00:00","description":"Torremaggiore on-line \u00e8 la web community della Citt\u00e0 di Torremaggiore, online dal 1999 all'indirizzo www.torremaggiore.com","breadcrumb":{"@id":"https:\/\/www.torremaggiore.com\/notizie\/info-su-torremaggiore-com\/#breadcrumb"},"inLanguage":"it-IT","potentialAction":[{"@type":"ReadAction","target":["https:\/\/www.torremaggiore.com\/notizie\/info-su-torremaggiore-com\/"]}]},{"@type":"ImageObject","inLanguage":"it-IT","@id":"https:\/\/www.torremaggiore.com\/notizie\/info-su-torremaggiore-com\/#primaryimage","url":"https:\/\/www.torremaggiore.com\/notizie\/wp-content\/uploads\/2013\/10\/mylogo.png","contentUrl":"https:\/\/www.torremaggiore.com\/notizie\/wp-content\/uploads\/2013\/10\/mylogo.png","width":59,"height":60},{"@type":"BreadcrumbList","@id":"https:\/\/www.torremaggiore.com\/notizie\/info-su-torremaggiore-com\/#breadcrumb","itemListElement":[{"@type":"ListItem","position":1,"name":"Home","item":"https:\/\/www.torremaggiore.com\/notizie\/"},{"@type":"ListItem","position":2,"name":"Info su Torremaggiore On Line"}]},{"@type":"WebSite","@id":"https:\/\/www.torremaggiore.com\/notizie\/#website","url":"https:\/\/www.torremaggiore.com\/notizie\/","name":"Torremaggiore On Line","description":"La Web Community di Torremaggiore","publisher":{"@id":"https:\/\/www.torremaggiore.com\/notizie\/#organization"},"potentialAction":[{"@type":"SearchAction","target":{"@type":"EntryPoint","urlTemplate":"https:\/\/www.torremaggiore.com\/notizie\/?s={search_term_string}"},"query-input":{"@type":"PropertyValueSpecification","valueRequired":true,"valueName":"search_term_string"}}],"inLanguage":"it-IT"},{"@type":"Organization","@id":"https:\/\/www.torremaggiore.com\/notizie\/#organization","name":"Torremaggiore On Line","url":"https:\/\/www.torremaggiore.com\/notizie\/","logo":{"@type":"ImageObject","inLanguage":"it-IT","@id":"https:\/\/www.torremaggiore.com\/notizie\/#\/schema\/logo\/image\/","url":"https:\/\/www.torremaggiore.com\/notizie\/wp-content\/uploads\/2020\/03\/logo-tmol20.gif","contentUrl":"https:\/\/www.torremaggiore.com\/notizie\/wp-content\/uploads\/2020\/03\/logo-tmol20.gif","width":260,"height":95,"caption":"Torremaggiore On Line"},"image":{"@id":"https:\/\/www.torremaggiore.com\/notizie\/#\/schema\/logo\/image\/"}}]}},"_links":{"self":[{"href":"https:\/\/www.torremaggiore.com\/notizie\/wp-json\/wp\/v2\/pages\/1211","targetHints":{"allow":["GET"]}}],"collection":[{"href":"https:\/\/www.torremaggiore.com\/notizie\/wp-json\/wp\/v2\/pages"}],"about":[{"href":"https:\/\/www.torremaggiore.com\/notizie\/wp-json\/wp\/v2\/types\/page"}],"author":[{"embeddable":true,"href":"https:\/\/www.torremaggiore.com\/notizie\/wp-json\/wp\/v2\/users\/1"}],"replies":[{"embeddable":true,"href":"https:\/\/www.torremaggiore.com\/notizie\/wp-json\/wp\/v2\/comments?post=1211"}],"version-history":[{"count":38,"href":"https:\/\/www.torremaggiore.com\/notizie\/wp-json\/wp\/v2\/pages\/1211\/revisions"}],"predecessor-version":[{"id":31561,"href":"https:\/\/www.torremaggiore.com\/notizie\/wp-json\/wp\/v2\/pages\/1211\/revisions\/31561"}],"wp:featuredmedia":[{"embeddable":true,"href":"https:\/\/www.torremaggiore.com\/notizie\/wp-json\/wp\/v2\/media\/3103"}],"wp:attachment":[{"href":"https:\/\/www.torremaggiore.com\/notizie\/wp-json\/wp\/v2\/media?parent=1211"}],"curies":[{"name":"wp","href":"https:\/\/api.w.org\/{rel}","templated":true}]}}